{"id":1680,"date":"2021-09-14T21:52:22","date_gmt":"2021-11-13T16:29:10","guid":{"rendered":"http:\/\/luckyface.ca\/product\/chaussures-de-ski-de-fond-luckyface-experience\/"},"modified":"2022-11-25T14:22:48","modified_gmt":"2022-11-25T19:22:48","slug":"simple","status":"publish","type":"product","link":"https:\/\/luckyface.ca\/fr\/produit\/simple\/","title":{"rendered":"Chaussures de ski de fond Luckyface Exp\u00e9rience"},"content":{"rendered":"<p>MAT\u00c9RIEL DE LA TIGE &#8211; cuir artificiel<\/p>\n<p>MAT\u00c9RIAU INT\u00c9RIEUR &#8211; caprovelure (mat\u00e9riau \u00e0 trois couches qui \u00e9vacue l&rsquo;humidit\u00e9 et retient la chaleur)<\/p>\n<p>SYST\u00c8ME DE FIXATION &#8211; lacet, bande velcro<\/p>\n<p>NIVEAU DE COURSE &#8211; Aktive<\/p>\n<p>PRESENCE DE LA VANNE &#8211; oui<\/p>\n<p>MOUNTING TYPE &#8211; NNN<\/p>\n<p>La fixation de la jambe s&rsquo;effectue par un la\u00e7age. Bordure et languette en Oxford imperm\u00e9able et coupe-vent. Embout thermoplastique pour former et rigidifier la chaussette.<\/p>\n<p>Contrefort du talon en thermoplastique moul\u00e9 pour un meilleur contr\u00f4le lors de la conduite.<\/p>\n<p>Rabat suppl\u00e9mentaire en similicuir pour la protection contre l&rsquo;entr\u00e9e de la neige et le givrage des lacets.<\/p>\n<p>Sangle suppl\u00e9mentaire pour fixer les chaussures sur le pied. Gr\u00e2ce \u00e0 sa conception et au syst\u00e8me de tension par le biais de l&rsquo;armature m\u00e9tallique, la ceinture avec fermeture vous permet de fixer avec pr\u00e9cision et en toute s\u00e9curit\u00e9 la botte sur votre pied. Le dessus de la botte est en cuir artificiel de haute qualit\u00e9, r\u00e9sistant au gel, d&rsquo;une \u00e9paisseur de 2,7 mm.<\/p>\n<p>Bloc &#8211; anatomie am\u00e9lior\u00e9e, confortable, pl\u00e9nitude moyenne.<\/p>\n<p>Isolation &#8211; caprovelure (mat\u00e9riau de drainage \u00e0 trois couches qui retient la chaleur).<\/p>\n<p>Semelle int\u00e9rieure &#8211; la semelle principale am\u00e9liore la rigidit\u00e9 en torsion de la chaussure ; semelle amovible, d&rsquo;une \u00e9paisseur de 4 mm, pour augmenter le confort du ski \u00e0 des temp\u00e9ratures aussi basses que -30 \u00b0 \u0421.<\/p>\n<p>Composition de la semelle ext\u00e9rieure &#8211; \u00e9lastom\u00e8re thermoplastique haute technologie avec bande de roulement renforc\u00e9e,<\/p>\n<p>Des protections suppl\u00e9mentaires sur la semelle ext\u00e9rieure vous permettent de vous d\u00e9placer confortablement sur la neige et la glace sur le chemin vers le lieu de repos et retour.<\/p>\n<p>Conditions de fonctionnement : jusqu&rsquo;\u00e0 -30 \u00b0 \u0421.<\/p>\n<p>Tailles produites : 36-46<\/p>\n<p>Le design brillant, \u00e9l\u00e9gant et polyvalent de la chaussure EXPERIENCE s&rsquo;accorde parfaitement avec les skis et les accessoires des principaux fabricants.<\/p>\n","protected":false},"excerpt":{"rendered":"<p>Chaussures de ski de fond Luckyface Exp\u00e9rience<\/p>\n","protected":false},"featured_media":1577,"comment_status":"open","ping_status":"closed","template":"","meta":{"site-sidebar-layout":"default","site-content-layout":"default","ast-site-content-layout":"default","site-content-style":"default","site-sidebar-style":"default","ast-global-header-display":"","ast-banner-title-visibility":"","ast-main-header-display":"","ast-hfb-above-header-display":"","ast-hfb-below-header-display":"","ast-hfb-mobile-header-display":"","site-post-title":"","ast-breadcrumbs-content":"","ast-featured-img":"","footer-sml-layout":"","ast-disable-related-posts":"","theme-transparent-header-meta":"default","adv-header-id-meta":"","stick-header-meta":"","header-above-stick-meta":"","header-main-stick-meta":"","header-below-stick-meta":"","astra-migrate-meta-layouts":"default","ast-page-background-enabled":"default","ast-page-background-meta":{"desktop":{"background-color":"","background-image":"","background-repeat":"repeat","background-position":"center center","background-size":"auto","background-attachment":"scroll","background-type":"","background-media":"","overlay-type":"","overlay-color":"","overlay-opacity":"","overlay-gradient":""},"tablet":{"background-color":"","background-image":"","background-repeat":"repeat","background-position":"center center","background-size":"auto","background-attachment":"scroll","background-type":"","background-media":"","overlay-type":"","overlay-color":"","overlay-opacity":"","overlay-gradient":""},"mobile":{"background-color":"","background-image":"","background-repeat":"repeat","background-position":"center center","background-size":"auto","background-attachment":"scroll","background-type":"","background-media":"","overlay-type":"","overlay-color":"","overlay-opacity":"","overlay-gradient":""}},"ast-content-background-meta":{"desktop":{"background-color":"var(--ast-global-color-5)","background-image":"","background-repeat":"repeat","background-position":"center center","background-size":"auto","background-attachment":"scroll","background-type":"","background-media":"","overlay-type":"","overlay-color":"","overlay-opacity":"","overlay-gradient":""},"tablet":{"background-color":"var(--ast-global-color-5)","background-image":"","background-repeat":"repeat","background-position":"center center","background-size":"auto","background-attachment":"scroll","background-type":"","background-media":"","overlay-type":"","overlay-color":"","overlay-opacity":"","overlay-gradient":""},"mobile":{"background-color":"var(--ast-global-color-5)","background-image":"","background-repeat":"repeat","background-position":"center center","background-size":"auto","background-attachment":"scroll","background-type":"","background-media":"","overlay-type":"","overlay-color":"","overlay-opacity":"","overlay-gradient":""}}},"product_brand":[],"product_cat":[91],"product_tag":[118],"class_list":{"0":"post-1680","1":"product","2":"type-product","3":"status-publish","4":"has-post-thumbnail","6":"product_cat-chaussures-de-ski-de-fond","7":"product_tag-chaussures-de-ski-de-fond","8":"desktop-align-center","9":"tablet-align-center","10":"mobile-align-center","11":"ast-product-gallery-layout-horizontal","12":"ast-product-single-variable","13":"ast-product-tabs-layout-horizontal","15":"first","16":"instock","17":"taxable","18":"shipping-taxable","19":"purchasable","20":"product-type-variable"},"_links":{"self":[{"href":"https:\/\/luckyface.ca\/fr\/wp-json\/wp\/v2\/product\/1680","targetHints":{"allow":["GET"]}}],"collection":[{"href":"https:\/\/luckyface.ca\/fr\/wp-json\/wp\/v2\/product"}],"about":[{"href":"https:\/\/luckyface.ca\/fr\/wp-json\/wp\/v2\/types\/product"}],"replies":[{"embeddable":true,"href":"https:\/\/luckyface.ca\/fr\/wp-json\/wp\/v2\/comments?post=1680"}],"wp:featuredmedia":[{"embeddable":true,"href":"https:\/\/luckyface.ca\/fr\/wp-json\/wp\/v2\/media\/1577"}],"wp:attachment":[{"href":"https:\/\/luckyface.ca\/fr\/wp-json\/wp\/v2\/media?parent=1680"}],"wp:term":[{"taxonomy":"product_brand","embeddable":true,"href":"https:\/\/luckyface.ca\/fr\/wp-json\/wp\/v2\/product_brand?post=1680"},{"taxonomy":"product_cat","embeddable":true,"href":"https:\/\/luckyface.ca\/fr\/wp-json\/wp\/v2\/product_cat?post=1680"},{"taxonomy":"product_tag","embeddable":true,"href":"https:\/\/luckyface.ca\/fr\/wp-json\/wp\/v2\/product_tag?post=1680"}],"curies":[{"name":"wp","href":"https:\/\/api.w.org\/{rel}","templated":true}]}}