{"id":1675,"date":"2021-09-14T21:52:21","date_gmt":"2021-11-13T16:28:53","guid":{"rendered":"http:\/\/luckyface.ca\/product\/patins-artistiques-luckyface\/"},"modified":"2022-01-16T21:19:00","modified_gmt":"2022-01-17T02:19:00","slug":"patins-a-roulettes-luckyface-figure","status":"publish","type":"product","link":"https:\/\/luckyface.ca\/fr\/produit\/patins-a-roulettes-luckyface-figure\/","title":{"rendered":"Patins artistiques Luckyface"},"content":{"rendered":"<p>La botte haute classique est id\u00e9ale pour l&rsquo;\u00e9quitation de loisir. Le mod\u00e8le est \u00e9quip\u00e9 d&rsquo;un support de cheville. La tige de la botte est en cuir artificiel de haute qualit\u00e9, la doublure souple est en fourrure artificielle, la semelle est en plastique dur. La lame est en acier inoxydable. Les patins artistiques TREK utilisent une forme anatomique et une languette \u00e9paisse pour offrir un confort et une commodit\u00e9 in\u00e9gal\u00e9s. A l&rsquo;int\u00e9rieur du patin, \u00e0 la place des \u00ab\u00a0os\u00a0\u00bb, il y a des inserts doux sp\u00e9ciaux pour que le patin n&rsquo;appuie pas sur les os et ne les frotte pas, et gr\u00e2ce \u00e0 ces inserts, la jambe est fermement fix\u00e9e, ce qui fait que le patin \u00ab\u00a0repose\u00a0\u00bb confortablement sur la jambe.<\/p>\n","protected":false},"excerpt":{"rendered":"<p>Patins artistiques Luckyface<\/p>\n","protected":false},"featured_media":1584,"comment_status":"open","ping_status":"closed","template":"","meta":{"site-sidebar-layout":"default","site-content-layout":"default","ast-site-content-layout":"default","site-content-style":"default","site-sidebar-style":"default","ast-global-header-display":"","ast-banner-title-visibility":"","ast-main-header-display":"","ast-hfb-above-header-display":"","ast-hfb-below-header-display":"","ast-hfb-mobile-header-display":"","site-post-title":"","ast-breadcrumbs-content":"","ast-featured-img":"","footer-sml-layout":"","ast-disable-related-posts":"","theme-transparent-header-meta":"default","adv-header-id-meta":"","stick-header-meta":"","header-above-stick-meta":"","header-main-stick-meta":"","header-below-stick-meta":"","astra-migrate-meta-layouts":"default","ast-page-background-enabled":"default","ast-page-background-meta":{"desktop":{"background-color":"","background-image":"","background-repeat":"repeat","background-position":"center center","background-size":"auto","background-attachment":"scroll","background-type":"","background-media":"","overlay-type":"","overlay-color":"","overlay-opacity":"","overlay-gradient":""},"tablet":{"background-color":"","background-image":"","background-repeat":"repeat","background-position":"center center","background-size":"auto","background-attachment":"scroll","background-type":"","background-media":"","overlay-type":"","overlay-color":"","overlay-opacity":"","overlay-gradient":""},"mobile":{"background-color":"","background-image":"","background-repeat":"repeat","background-position":"center center","background-size":"auto","background-attachment":"scroll","background-type":"","background-media":"","overlay-type":"","overlay-color":"","overlay-opacity":"","overlay-gradient":""}},"ast-content-background-meta":{"desktop":{"background-color":"var(--ast-global-color-5)","background-image":"","background-repeat":"repeat","background-position":"center center","background-size":"auto","background-attachment":"scroll","background-type":"","background-media":"","overlay-type":"","overlay-color":"","overlay-opacity":"","overlay-gradient":""},"tablet":{"background-color":"var(--ast-global-color-5)","background-image":"","background-repeat":"repeat","background-position":"center center","background-size":"auto","background-attachment":"scroll","background-type":"","background-media":"","overlay-type":"","overlay-color":"","overlay-opacity":"","overlay-gradient":""},"mobile":{"background-color":"var(--ast-global-color-5)","background-image":"","background-repeat":"repeat","background-position":"center center","background-size":"auto","background-attachment":"scroll","background-type":"","background-media":"","overlay-type":"","overlay-color":"","overlay-opacity":"","overlay-gradient":""}}},"product_brand":[],"product_cat":[86],"product_tag":[],"class_list":{"0":"post-1675","1":"product","2":"type-product","3":"status-publish","4":"has-post-thumbnail","6":"product_cat-patins","7":"desktop-align-center","8":"tablet-align-center","9":"mobile-align-center","10":"ast-product-gallery-layout-horizontal","11":"ast-product-single-variable","12":"ast-product-tabs-layout-horizontal","14":"first","15":"instock","16":"taxable","17":"shipping-taxable","18":"purchasable","19":"product-type-variable","20":"has-default-attributes"},"_links":{"self":[{"href":"https:\/\/luckyface.ca\/fr\/wp-json\/wp\/v2\/product\/1675","targetHints":{"allow":["GET"]}}],"collection":[{"href":"https:\/\/luckyface.ca\/fr\/wp-json\/wp\/v2\/product"}],"about":[{"href":"https:\/\/luckyface.ca\/fr\/wp-json\/wp\/v2\/types\/product"}],"replies":[{"embeddable":true,"href":"https:\/\/luckyface.ca\/fr\/wp-json\/wp\/v2\/comments?post=1675"}],"wp:featuredmedia":[{"embeddable":true,"href":"https:\/\/luckyface.ca\/fr\/wp-json\/wp\/v2\/media\/1584"}],"wp:attachment":[{"href":"https:\/\/luckyface.ca\/fr\/wp-json\/wp\/v2\/media?parent=1675"}],"wp:term":[{"taxonomy":"product_brand","embeddable":true,"href":"https:\/\/luckyface.ca\/fr\/wp-json\/wp\/v2\/product_brand?post=1675"},{"taxonomy":"product_cat","embeddable":true,"href":"https:\/\/luckyface.ca\/fr\/wp-json\/wp\/v2\/product_cat?post=1675"},{"taxonomy":"product_tag","embeddable":true,"href":"https:\/\/luckyface.ca\/fr\/wp-json\/wp\/v2\/product_tag?post=1675"}],"curies":[{"name":"wp","href":"https:\/\/api.w.org\/{rel}","templated":true}]}}