{"id":1671,"date":"2021-11-02T01:10:28","date_gmt":"2021-11-13T16:28:51","guid":{"rendered":"http:\/\/luckyface.ca\/product\/tubing-luckyface-100-cm-monster\/"},"modified":"2021-11-17T15:24:55","modified_gmt":"2021-11-17T15:24:55","slug":"tubing-luckyface-100-cm-monstre","status":"publish","type":"product","link":"https:\/\/luckyface.ca\/fr\/produit\/tubing-luckyface-100-cm-monstre\/","title":{"rendered":"Tubing Luckyface 100 cm MONSTER"},"content":{"rendered":"<p>Si vous cherchez un cadeau pour un enfant, un adolescent et m\u00eame un adulte \u00e0 l&rsquo;occasion d&rsquo;un anniversaire, du Nouvel An, de No\u00ebl ou de toute autre f\u00eate, la tubulure est peut-\u00eatre la meilleure solution !<\/p>\n<p>L&rsquo;impression lumineuse avec des monstres amusants conviendra aux gar\u00e7ons comme aux filles ! Chaque parent veut que son enfant soit sp\u00e9cial, brillant ! Cette baignoire mettra en valeur l&rsquo;individualit\u00e9 de votre famille ! En montant sur cette chambre \u00e0 air, un enfant ou un adulte se distinguera des autres.<\/p>\n<p>Le tuyau Luckyface est fabriqu\u00e9 dans un mat\u00e9riau dense et \u00e9tanche \u00e0 l&rsquo;humidit\u00e9 OXFORD 600D avec une impr\u00e9gnation hydrofuge, qui r\u00e9siste au gel jusqu&rsquo;\u00e0 -25 degr\u00e9s. La partie inf\u00e9rieure de la chambre \u00e0 air est faite d&rsquo;auvent ; la surface brillante du mat\u00e9riau permet \u00e0 la chambre \u00e0 air de glisser parfaitement sur la surface de la neige. Pour une conduite confortable, il y a des porte-poign\u00e9es et un c\u00e2ble de remorquage fait d&rsquo;une \u00e9lingue renforc\u00e9e. Les coutures, soigneusement cousues avec du fil Mylar dense, garantissent une longue dur\u00e9e de vie. Le si\u00e8ge d&rsquo;\u00e9crasement confortable, soutenu par le dos, est dot\u00e9 d&rsquo;un fond renforc\u00e9 et d&rsquo;une sangle suppl\u00e9mentaire sous le si\u00e8ge, ce qui r\u00e9duit la charge et vous permet d&rsquo;utiliser la chambre \u00e0 air pendant plusieurs saisons ! En montant sur cette chambre \u00e0 air, un enfant ou un adulte se distinguera des autres usagers de la chambre \u00e0 air.<\/p>\n<p>Le diam\u00e8tre de la couverture de cette chambre \u00e0 air est de 100 cm, cette taille permet aux enfants et aux adolescents d&rsquo;une taille maximale de 175 cm de la monter. Cette tubulure peut supporter un poids allant jusqu&rsquo;\u00e0 100 kg.<\/p>\n","protected":false},"excerpt":{"rendered":"<p>Tubing Luckyface 100 cm MONSTER<\/p>\n","protected":false},"featured_media":1631,"comment_status":"open","ping_status":"closed","template":"","meta":{"site-sidebar-layout":"default","site-content-layout":"default","ast-site-content-layout":"default","site-content-style":"default","site-sidebar-style":"default","ast-global-header-display":"","ast-banner-title-visibility":"","ast-main-header-display":"","ast-hfb-above-header-display":"","ast-hfb-below-header-display":"","ast-hfb-mobile-header-display":"","site-post-title":"","ast-breadcrumbs-content":"","ast-featured-img":"","footer-sml-layout":"","ast-disable-related-posts":"","theme-transparent-header-meta":"default","adv-header-id-meta":"","stick-header-meta":"","header-above-stick-meta":"","header-main-stick-meta":"","header-below-stick-meta":"","astra-migrate-meta-layouts":"default","ast-page-background-enabled":"default","ast-page-background-meta":{"desktop":{"background-color":"","background-image":"","background-repeat":"repeat","background-position":"center center","background-size":"auto","background-attachment":"scroll","background-type":"","background-media":"","overlay-type":"","overlay-color":"","overlay-opacity":"","overlay-gradient":""},"tablet":{"background-color":"","background-image":"","background-repeat":"repeat","background-position":"center center","background-size":"auto","background-attachment":"scroll","background-type":"","background-media":"","overlay-type":"","overlay-color":"","overlay-opacity":"","overlay-gradient":""},"mobile":{"background-color":"","background-image":"","background-repeat":"repeat","background-position":"center center","background-size":"auto","background-attachment":"scroll","background-type":"","background-media":"","overlay-type":"","overlay-color":"","overlay-opacity":"","overlay-gradient":""}},"ast-content-background-meta":{"desktop":{"background-color":"var(--ast-global-color-5)","background-image":"","background-repeat":"repeat","background-position":"center center","background-size":"auto","background-attachment":"scroll","background-type":"","background-media":"","overlay-type":"","overlay-color":"","overlay-opacity":"","overlay-gradient":""},"tablet":{"background-color":"var(--ast-global-color-5)","background-image":"","background-repeat":"repeat","background-position":"center center","background-size":"auto","background-attachment":"scroll","background-type":"","background-media":"","overlay-type":"","overlay-color":"","overlay-opacity":"","overlay-gradient":""},"mobile":{"background-color":"var(--ast-global-color-5)","background-image":"","background-repeat":"repeat","background-position":"center center","background-size":"auto","background-attachment":"scroll","background-type":"","background-media":"","overlay-type":"","overlay-color":"","overlay-opacity":"","overlay-gradient":""}}},"product_brand":[],"product_cat":[75,39],"product_tag":[40,76],"class_list":{"0":"post-1671","1":"product","2":"type-product","3":"status-publish","4":"has-post-thumbnail","6":"product_cat-tubes-fr","7":"product_cat-tubes","8":"product_tag-tubes","9":"product_tag-tubes-fr","10":"desktop-align-center","11":"tablet-align-center","12":"mobile-align-center","13":"ast-product-gallery-layout-horizontal","14":"ast-product-tabs-layout-horizontal","16":"first","17":"outofstock","18":"taxable","19":"shipping-taxable","20":"purchasable","21":"product-type-simple"},"_links":{"self":[{"href":"https:\/\/luckyface.ca\/fr\/wp-json\/wp\/v2\/product\/1671","targetHints":{"allow":["GET"]}}],"collection":[{"href":"https:\/\/luckyface.ca\/fr\/wp-json\/wp\/v2\/product"}],"about":[{"href":"https:\/\/luckyface.ca\/fr\/wp-json\/wp\/v2\/types\/product"}],"replies":[{"embeddable":true,"href":"https:\/\/luckyface.ca\/fr\/wp-json\/wp\/v2\/comments?post=1671"}],"wp:featuredmedia":[{"embeddable":true,"href":"https:\/\/luckyface.ca\/fr\/wp-json\/wp\/v2\/media\/1631"}],"wp:attachment":[{"href":"https:\/\/luckyface.ca\/fr\/wp-json\/wp\/v2\/media?parent=1671"}],"wp:term":[{"taxonomy":"product_brand","embeddable":true,"href":"https:\/\/luckyface.ca\/fr\/wp-json\/wp\/v2\/product_brand?post=1671"},{"taxonomy":"product_cat","embeddable":true,"href":"https:\/\/luckyface.ca\/fr\/wp-json\/wp\/v2\/product_cat?post=1671"},{"taxonomy":"product_tag","embeddable":true,"href":"https:\/\/luckyface.ca\/fr\/wp-json\/wp\/v2\/product_tag?post=1671"}],"curies":[{"name":"wp","href":"https:\/\/api.w.org\/{rel}","templated":true}]}}