{"id":1667,"date":"2021-11-02T15:00:07","date_gmt":"2021-11-13T16:28:51","guid":{"rendered":"http:\/\/luckyface.ca\/product\/tubing-luckyface-107-cm-%d0%bexf%d0%be%d1%80%d0%b4-pizza-comfort\/"},"modified":"2022-11-25T14:40:16","modified_gmt":"2022-11-25T19:40:16","slug":"tubing-luckyface-107-cm-%d0%bexf%d0%be%d1%80%d0%b4-pizza-confort","status":"publish","type":"product","link":"https:\/\/luckyface.ca\/fr\/produit\/tubing-luckyface-107-cm-%d0%bexf%d0%be%d1%80%d0%b4-pizza-confort\/","title":{"rendered":"Tubage Luckyface 107 cm \u041eXFORD Pizza Comfort"},"content":{"rendered":"<p>Si vous cherchez un cadeau pour un enfant, un adolescent et m\u00eame un adulte \u00e0 l&rsquo;occasion d&rsquo;un anniversaire, du Nouvel An, de No\u00ebl ou de toute autre f\u00eate, la tubulure est peut-\u00eatre la meilleure solution !<\/p>\n<p>L&rsquo;imprim\u00e9 vif et jeune avec la pizza et les frites convient aux gar\u00e7ons et aux filles ! Chaque parent veut que son enfant soit sp\u00e9cial, brillant ! Cette baignoire mettra en valeur l&rsquo;individualit\u00e9 de votre famille ! En montant sur cette chambre \u00e0 air, un enfant ou un adulte se distinguera des autres.<\/p>\n<p>Le haut de ce tube Luckyface est constitu\u00e9 d&rsquo;un auvent avec une impression qui r\u00e9siste au gel jusqu&rsquo;\u00e0 -25 degr\u00e9s. Le fond de la chambre \u00e0 air est en toile, la surface brillante du mat\u00e9riau permet \u00e0 la chambre \u00e0 air de glisser parfaitement sur la surface de la neige. Pour une conduite confortable, il y a des porte-poign\u00e9es et un c\u00e2ble de remorquage fait d&rsquo;une \u00e9lingue renforc\u00e9e. Les coutures, soigneusement cousues avec du fil mylar dense, garantissent une longue dur\u00e9e de vie. Le si\u00e8ge de s\u00e9curit\u00e9 rond est dot\u00e9 d&rsquo;un fond renforc\u00e9 et d&rsquo;une \u00e9lingue suppl\u00e9mentaire sous le tube. Le tube est \u00e9quip\u00e9 d&rsquo;une chambre \u00e0 air en caoutchouc renforc\u00e9 R16 con\u00e7ue pour les charges lourdes. La cam\u00e9ra est ins\u00e9r\u00e9e dans le tube et gonfl\u00e9e \u00e0 l&rsquo;aide d&rsquo;une puissante pompe de v\u00e9hicule.<\/p>\n<p>Le tubing est con\u00e7u pour rouler sur des surfaces de neige en pente, sans obstacles. Lorsqu&rsquo;il roule, l&rsquo;enfant doit porter un casque de s\u00e9curit\u00e9.<\/p>\n<p>Le diam\u00e8tre de la couverture de cette chambre \u00e0 air est de 100 cm, cette taille permet aux enfants et aux adolescents d&rsquo;une taille allant jusqu&rsquo;\u00e0 185 cm de la monter. Cette tubulure peut supporter un poids allant jusqu&rsquo;\u00e0 120 kg.e si\u00e8ge, ce qui r\u00e9duit la charge et vous permet d&rsquo;utiliser la tubulure pendant plusieurs saisons.<\/p>\n","protected":false},"excerpt":{"rendered":"<p>Tubing Luckyface 107 cm \u041eXF\u041e\u0420\u0414 Pizza Comfort<\/p>\n","protected":false},"featured_media":1768,"comment_status":"open","ping_status":"closed","template":"","meta":{"site-sidebar-layout":"default","site-content-layout":"default","ast-site-content-layout":"default","site-content-style":"default","site-sidebar-style":"default","ast-global-header-display":"","ast-banner-title-visibility":"","ast-main-header-display":"","ast-hfb-above-header-display":"","ast-hfb-below-header-display":"","ast-hfb-mobile-header-display":"","site-post-title":"","ast-breadcrumbs-content":"","ast-featured-img":"","footer-sml-layout":"","ast-disable-related-posts":"","theme-transparent-header-meta":"default","adv-header-id-meta":"","stick-header-meta":"","header-above-stick-meta":"","header-main-stick-meta":"","header-below-stick-meta":"","astra-migrate-meta-layouts":"default","ast-page-background-enabled":"default","ast-page-background-meta":{"desktop":{"background-color":"","background-image":"","background-repeat":"repeat","background-position":"center center","background-size":"auto","background-attachment":"scroll","background-type":"","background-media":"","overlay-type":"","overlay-color":"","overlay-opacity":"","overlay-gradient":""},"tablet":{"background-color":"","background-image":"","background-repeat":"repeat","background-position":"center center","background-size":"auto","background-attachment":"scroll","background-type":"","background-media":"","overlay-type":"","overlay-color":"","overlay-opacity":"","overlay-gradient":""},"mobile":{"background-color":"","background-image":"","background-repeat":"repeat","background-position":"center center","background-size":"auto","background-attachment":"scroll","background-type":"","background-media":"","overlay-type":"","overlay-color":"","overlay-opacity":"","overlay-gradient":""}},"ast-content-background-meta":{"desktop":{"background-color":"var(--ast-global-color-5)","background-image":"","background-repeat":"repeat","background-position":"center center","background-size":"auto","background-attachment":"scroll","background-type":"","background-media":"","overlay-type":"","overlay-color":"","overlay-opacity":"","overlay-gradient":""},"tablet":{"background-color":"var(--ast-global-color-5)","background-image":"","background-repeat":"repeat","background-position":"center center","background-size":"auto","background-attachment":"scroll","background-type":"","background-media":"","overlay-type":"","overlay-color":"","overlay-opacity":"","overlay-gradient":""},"mobile":{"background-color":"var(--ast-global-color-5)","background-image":"","background-repeat":"repeat","background-position":"center center","background-size":"auto","background-attachment":"scroll","background-type":"","background-media":"","overlay-type":"","overlay-color":"","overlay-opacity":"","overlay-gradient":""}}},"product_brand":[],"product_cat":[75],"product_tag":[76],"class_list":{"0":"post-1667","1":"product","2":"type-product","3":"status-publish","4":"has-post-thumbnail","6":"product_cat-tubes-fr","7":"product_tag-tubes-fr","8":"desktop-align-center","9":"tablet-align-center","10":"mobile-align-center","11":"ast-product-gallery-layout-horizontal","12":"ast-product-tabs-layout-horizontal","14":"first","15":"instock","16":"taxable","17":"shipping-taxable","18":"purchasable","19":"product-type-simple"},"_links":{"self":[{"href":"https:\/\/luckyface.ca\/fr\/wp-json\/wp\/v2\/product\/1667","targetHints":{"allow":["GET"]}}],"collection":[{"href":"https:\/\/luckyface.ca\/fr\/wp-json\/wp\/v2\/product"}],"about":[{"href":"https:\/\/luckyface.ca\/fr\/wp-json\/wp\/v2\/types\/product"}],"replies":[{"embeddable":true,"href":"https:\/\/luckyface.ca\/fr\/wp-json\/wp\/v2\/comments?post=1667"}],"wp:featuredmedia":[{"embeddable":true,"href":"https:\/\/luckyface.ca\/fr\/wp-json\/wp\/v2\/media\/1768"}],"wp:attachment":[{"href":"https:\/\/luckyface.ca\/fr\/wp-json\/wp\/v2\/media?parent=1667"}],"wp:term":[{"taxonomy":"product_brand","embeddable":true,"href":"https:\/\/luckyface.ca\/fr\/wp-json\/wp\/v2\/product_brand?post=1667"},{"taxonomy":"product_cat","embeddable":true,"href":"https:\/\/luckyface.ca\/fr\/wp-json\/wp\/v2\/product_cat?post=1667"},{"taxonomy":"product_tag","embeddable":true,"href":"https:\/\/luckyface.ca\/fr\/wp-json\/wp\/v2\/product_tag?post=1667"}],"curies":[{"name":"wp","href":"https:\/\/api.w.org\/{rel}","templated":true}]}}